{"id":372,"date":"2019-12-17T08:07:25","date_gmt":"2019-12-17T08:07:25","guid":{"rendered":"https:\/\/mindp.indecol.no\/?page_id=372"},"modified":"2020-02-29T21:27:50","modified_gmt":"2020-02-29T20:27:50","slug":"scientific-articles-2","status":"publish","type":"page","link":"https:\/\/mindp.indecol.no\/?page_id=372&lang=en","title":{"rendered":"Scientific articles"},"content":{"rendered":"\n<table id=\"tablepress-21\" class=\"tablepress tablepress-id-21\">\n<thead>\n<tr class=\"row-1 odd\">\n\t<th class=\"column-1\">&nbsp;<\/th><th class=\"column-2\">&nbsp;<\/th>\n<\/tr>\n<\/thead>\n<tbody class=\"row-hover\">\n<tr class=\"row-2 even\">\n\t<td class=\"column-1\"><a href=\"https:\/\/doi.org\/10.1016\/j.aquaculture.2018.12.047\"><img loading=\"lazy\" decoding=\"async\" src=\"https:\/\/mindp.indecol.no\/wp-content\/uploads\/2020\/02\/Haiqing_Wang_etal_2019_paper-222x300.png\" alt=\"\" width=\"222\" height=\"300\" class=\"aligncenter size-medium wp-image-1021\" srcset=\"https:\/\/mindp.indecol.no\/wp-content\/uploads\/2020\/02\/Haiqing_Wang_etal_2019_paper-222x300.png 222w, https:\/\/mindp.indecol.no\/wp-content\/uploads\/2020\/02\/Haiqing_Wang_etal_2019_paper.png 600w\" sizes=\"auto, (max-width: 222px) 100vw, 222px\" \/><\/a><\/td><td class=\"column-2\">Title:  Growth and nutritional composition of the polychaete Hediste diversicolor (OF M\u00fcller, 1776) cultivated on waste from land-based salmon smolt aquaculture<br \/>\n<br \/>\nAuthor: Haiqing Wang, Inka Seekamp, Arne Malzahn, Andreas Hagemann, Ana Karina Carvajal, Rasa Slizyte, Inger Beate Standal, Aleksander Hand\u00e5 and Kjell Inge Reitan<br \/>\n<br \/>\nYear: 2019<br \/>\n<br \/>\nLink: <a href=\"https:\/\/doi.org\/10.1016\/j.aquaculture.2018.12.047\">ScienceDirect<\/a><\/td>\n<\/tr>\n<tr class=\"row-3 odd\">\n\t<td class=\"column-1\"><a href=\"https:\/\/doi.org\/10.3354\/aei00331\"><img loading=\"lazy\" decoding=\"async\" src=\"https:\/\/mindp.indecol.no\/wp-content\/uploads\/2020\/02\/Haiqing_Wang_etal_2019_paper_2-218x300.png\" alt=\"\" width=\"218\" height=\"300\" class=\"aligncenter size-medium wp-image-1022\" srcset=\"https:\/\/mindp.indecol.no\/wp-content\/uploads\/2020\/02\/Haiqing_Wang_etal_2019_paper_2-218x300.png 218w, https:\/\/mindp.indecol.no\/wp-content\/uploads\/2020\/02\/Haiqing_Wang_etal_2019_paper_2.png 604w\" sizes=\"auto, (max-width: 218px) 100vw, 218px\" \/><\/a><\/td><td class=\"column-2\">Title: Potential of the polychaete Hediste diversicolor fed on aquaculture and biogas side streams as an aquaculture food source<br \/>\n<br \/>\nAuthor: Haiqing Wang, Andreas Hagemann, Kjell Inge Reitan, J\u00f8rgen Ejlertsson, H\u00e5vard Wollan, Aleksander Hand\u00e5 and Arne M. Malzahn<br \/>\n<br \/>\nYear: 2019<br \/>\n<br \/>\nLink: <a href=\"https:\/\/doi.org\/10.3354\/aei00331\">Inter-Research Science Publisher<\/a><\/td>\n<\/tr>\n<tr class=\"row-4 even\">\n\t<td class=\"column-1\"><a href=\"https:\/\/mindp.indecol.no\/wp-content\/uploads\/2020\/02\/20190501_Hagemann_Abstract_AE_Berlin_Final3514-1.pdf\"><img loading=\"lazy\" decoding=\"async\" src=\"https:\/\/mindp.indecol.no\/wp-content\/uploads\/2020\/02\/Hagemann_etal_2019_conference_paper-190x300.png\" alt=\"\" width=\"190\" height=\"300\" class=\"aligncenter size-medium wp-image-1039\" srcset=\"https:\/\/mindp.indecol.no\/wp-content\/uploads\/2020\/02\/Hagemann_etal_2019_conference_paper-190x300.png 190w, https:\/\/mindp.indecol.no\/wp-content\/uploads\/2020\/02\/Hagemann_etal_2019_conference_paper.png 420w\" sizes=\"auto, (max-width: 190px) 100vw, 190px\" \/><\/a><\/td><td class=\"column-2\">Title: Bioremediation of aquaculture and biogas side streams using polychaetes (Hediste diversicolor, O.F. M\u00dcLLER, 1776). Part I: Growth &amp; Mortality<br \/>\n<br \/>\nAuthor: Andreas Hagemann, Haiqing Wang, Kjell Inge Reitan, J\u00f6rgen Ejlertsson, H\u00e5vard Wollan, Aleksander Hand\u00e5 and Arne Malzahn <br \/>\n<br \/>\nYear: 2019<br \/>\nConference lecture<br \/>\n<br \/>\nLink: <a href=\"https:\/\/mindp.indecol.no\/wp-content\/uploads\/2020\/02\/20190501_Hagemann_Abstract_AE_Berlin_Final3514-1.pdf\">PDF<\/a><\/td>\n<\/tr>\n<tr class=\"row-5 odd\">\n\t<td class=\"column-1\"><a href=\"https:\/\/doi.org\/10.1016\/j.scitotenv.2016.10.056\" rel=\"noopener noreferrer\" target=\"_blank\"><img loading=\"lazy\" decoding=\"async\" src=\"https:\/\/mindp.indecol.no\/wp-content\/uploads\/2020\/03\/Helen_et_al_2017_Recycling_potential_of_secondary_phosphorus_resources_as_assessed_by_integrating_substance_flow_analysis_and_plant-availability-224x300.png\" alt=\"\" width=\"224\" height=\"300\" class=\"aligncenter size-medium wp-image-1131\" srcset=\"https:\/\/mindp.indecol.no\/wp-content\/uploads\/2020\/03\/Helen_et_al_2017_Recycling_potential_of_secondary_phosphorus_resources_as_assessed_by_integrating_substance_flow_analysis_and_plant-availability-224x300.png 224w, https:\/\/mindp.indecol.no\/wp-content\/uploads\/2020\/03\/Helen_et_al_2017_Recycling_potential_of_secondary_phosphorus_resources_as_assessed_by_integrating_substance_flow_analysis_and_plant-availability.png 648w\" sizes=\"auto, (max-width: 224px) 100vw, 224px\" \/><\/a><\/td><td class=\"column-2\">Title: Recycling potential of secondary phosphorus resources as assessed by integrating substance flow analysis and plant-availability<br \/>\n<br \/>\nAuthor: Helen A. Hamilton , Eva Brod, Ola Hanserud, Daniel B. M\u00fcller, Helge Bratteb\u00f8 and Trond K. Haraldsen<br \/>\n<br \/>\nYear: 2017<br \/>\n<br \/>\nLink: <a href=\"https:\/\/doi.org\/10.1016\/j.scitotenv.2016.10.056\" rel=\"noopener noreferrer\" target=\"_blank\">PDF<\/a><\/td>\n<\/tr>\n<\/tbody>\n<\/table>\n\n\n\n\n<p><\/p>\n","protected":false},"excerpt":{"rendered":"","protected":false},"author":9,"featured_media":0,"parent":0,"menu_order":0,"comment_status":"closed","ping_status":"closed","template":"","meta":{"spay_email":"","footnotes":""},"class_list":["post-372","page","type-page","status-publish","hentry"],"jetpack_sharing_enabled":true,"jetpack_shortlink":"https:\/\/wp.me\/P9QBIQ-60","jetpack_likes_enabled":true,"jetpack-related-posts":[],"_links":{"self":[{"href":"https:\/\/mindp.indecol.no\/index.php?rest_route=\/wp\/v2\/pages\/372","targetHints":{"allow":["GET"]}}],"collection":[{"href":"https:\/\/mindp.indecol.no\/index.php?rest_route=\/wp\/v2\/pages"}],"about":[{"href":"https:\/\/mindp.indecol.no\/index.php?rest_route=\/wp\/v2\/types\/page"}],"author":[{"embeddable":true,"href":"https:\/\/mindp.indecol.no\/index.php?rest_route=\/wp\/v2\/users\/9"}],"replies":[{"embeddable":true,"href":"https:\/\/mindp.indecol.no\/index.php?rest_route=%2Fwp%2Fv2%2Fcomments&post=372"}],"version-history":[{"count":4,"href":"https:\/\/mindp.indecol.no\/index.php?rest_route=\/wp\/v2\/pages\/372\/revisions"}],"predecessor-version":[{"id":1034,"href":"https:\/\/mindp.indecol.no\/index.php?rest_route=\/wp\/v2\/pages\/372\/revisions\/1034"}],"wp:attachment":[{"href":"https:\/\/mindp.indecol.no\/index.php?rest_route=%2Fwp%2Fv2%2Fmedia&parent=372"}],"curies":[{"name":"wp","href":"https:\/\/api.w.org\/{rel}","templated":true}]}}