{"id":449,"date":"2019-12-19T11:52:07","date_gmt":"2019-12-19T10:52:07","guid":{"rendered":"https:\/\/mindp.indecol.no\/?page_id=449"},"modified":"2021-02-22T15:22:21","modified_gmt":"2021-02-22T14:22:21","slug":"mind-p-nutrients-in-a-circular-bioeconomy-barriers-opportunities-for-mineral-phosphorus-independence-in-norway-mind-p","status":"publish","type":"page","link":"https:\/\/mindp.indecol.no\/","title":{"rendered":""},"content":{"rendered":"\n<p>MIND-P-prosjektet analyserer muligheter og hindre for hvordan norsk bio\u00f8konomi kan endres slik at den kan oppn\u00e5 (direkte) uavhengighet fra importert mineralfosfor innen 2030.<\/p>\n\n\n\n<div class=\"wp-block-columns is-layout-flex wp-container-core-columns-is-layout-1 wp-block-columns-is-layout-flex\">\n<div class=\"wp-block-column is-layout-flow wp-block-column-is-layout-flow\" style=\"flex-basis:66.66%\">\n<div class=\"wp-block-jetpack-slideshow aligncenter\" data-autoplay=\"true\" data-delay=\"5\" data-effect=\"slide\"><div class=\"wp-block-jetpack-slideshow_container swiper-container\"><ul class=\"wp-block-jetpack-slideshow_swiper-wrapper swiper-wrapper\"><li class=\"wp-block-jetpack-slideshow_slide swiper-slide\"><figure><img loading=\"lazy\" decoding=\"async\" width=\"1024\" height=\"768\" alt=\"\" class=\"wp-block-jetpack-slideshow_image wp-image-909\" data-id=\"909\" src=\"https:\/\/mindp.indecol.no\/wp-content\/uploads\/2020\/02\/cows-203460_1920-1024x768.jpg\" srcset=\"https:\/\/mindp.indecol.no\/wp-content\/uploads\/2020\/02\/cows-203460_1920-1024x768.jpg 1024w, https:\/\/mindp.indecol.no\/wp-content\/uploads\/2020\/02\/cows-203460_1920-300x225.jpg 300w, https:\/\/mindp.indecol.no\/wp-content\/uploads\/2020\/02\/cows-203460_1920-768x576.jpg 768w, https:\/\/mindp.indecol.no\/wp-content\/uploads\/2020\/02\/cows-203460_1920-1536x1152.jpg 1536w, https:\/\/mindp.indecol.no\/wp-content\/uploads\/2020\/02\/cows-203460_1920.jpg 1920w\" sizes=\"auto, (max-width: 1024px) 100vw, 1024px\" \/><figcaption class=\"wp-block-jetpack-slideshow_caption gallery-caption\">Husdyrgj\u00f8dsel, er ulik fordelt over hele landet, noe som gj\u00f8r avstanden mellom punktet for gj\u00f8dselproduksjon og avling og kornproduksjon som trenger gj\u00f8dsling potensielt stor.<\/figcaption><\/figure><\/li><li class=\"wp-block-jetpack-slideshow_slide swiper-slide\"><figure><img loading=\"lazy\" decoding=\"async\" width=\"1024\" height=\"683\" alt=\"\" class=\"wp-block-jetpack-slideshow_image wp-image-1149\" data-id=\"1149\" src=\"https:\/\/mindp.indecol.no\/wp-content\/uploads\/2020\/03\/Salmon_1-1-1024x683.jpg\" srcset=\"https:\/\/mindp.indecol.no\/wp-content\/uploads\/2020\/03\/Salmon_1-1-1024x683.jpg 1024w, https:\/\/mindp.indecol.no\/wp-content\/uploads\/2020\/03\/Salmon_1-1-300x200.jpg 300w, https:\/\/mindp.indecol.no\/wp-content\/uploads\/2020\/03\/Salmon_1-1-768x512.jpg 768w, https:\/\/mindp.indecol.no\/wp-content\/uploads\/2020\/03\/Salmon_1-1-1536x1024.jpg 1536w, https:\/\/mindp.indecol.no\/wp-content\/uploads\/2020\/03\/Salmon_1-1-2048x1365.jpg 2048w, https:\/\/mindp.indecol.no\/wp-content\/uploads\/2020\/03\/Salmon_1-1-87x59.jpg 87w\" sizes=\"auto, (max-width: 1024px) 100vw, 1024px\" \/><figcaption class=\"wp-block-jetpack-slideshow_caption gallery-caption\">Fiskeslam og ekskrementer representerer det st\u00f8rste potensialet for P-resirkulering i Norge.<\/figcaption><\/figure><\/li><li class=\"wp-block-jetpack-slideshow_slide swiper-slide\"><figure><img loading=\"lazy\" decoding=\"async\" width=\"1007\" height=\"587\" alt=\"\" class=\"wp-block-jetpack-slideshow_image wp-image-267\" data-id=\"267\" src=\"https:\/\/mindp.indecol.no\/wp-content\/uploads\/2019\/09\/SystemsFigureColorBokm.png\" srcset=\"https:\/\/mindp.indecol.no\/wp-content\/uploads\/2019\/09\/SystemsFigureColorBokm.png 1007w, https:\/\/mindp.indecol.no\/wp-content\/uploads\/2019\/09\/SystemsFigureColorBokm-300x175.png 300w, https:\/\/mindp.indecol.no\/wp-content\/uploads\/2019\/09\/SystemsFigureColorBokm-768x448.png 768w\" sizes=\"auto, (max-width: 1007px) 100vw, 1007px\" \/><figcaption class=\"wp-block-jetpack-slideshow_caption gallery-caption\">De forskjellige sektorene som er involvert i norsk bio\u00f8konomi blir stadig mer avhengige av hverandre. Vi utforsker mulighetene dette inneb\u00e6rer for en overgang mot en sirkul\u00e6r bio\u00f8konomi.<\/figcaption><\/figure><\/li><\/ul><a class=\"wp-block-jetpack-slideshow_button-prev swiper-button-prev swiper-button-white\" role=\"button\"><\/a><a class=\"wp-block-jetpack-slideshow_button-next swiper-button-next swiper-button-white\" role=\"button\"><\/a><a aria-label=\"Pause Slideshow\" class=\"wp-block-jetpack-slideshow_button-pause\" role=\"button\"><\/a><div class=\"wp-block-jetpack-slideshow_pagination swiper-pagination swiper-pagination-white\"><\/div><\/div><\/div>\n<\/div>\n\n\n\n<div class=\"wp-block-column is-vertically-aligned-top is-layout-flow wp-block-column-is-layout-flow\" style=\"flex-basis:33.33%\">\n<table id=\"tablepress-2\" class=\"tablepress tablepress-id-2\">\n<tbody>\n<tr class=\"row-1\">\n\t<td rowspan=\"2\" class=\"column-1\"><a href=\"https:\/\/www.ntnu.no\/ansatte\/daniel.mueller\" rel=\"noopener noreferrer\" target=\"_blank\"><img loading=\"lazy\" decoding=\"async\" src=\"https:\/\/mindp.indecol.no\/wp-content\/uploads\/2020\/02\/Daniel_Mueller11-e1582714172709.jpg\" alt=\"\" width=\"128\" height=\"128\" class=\"aligncenter size-full wp-image-950\" \/><\/a><\/td><td class=\"column-2\"><a href=\"https:\/\/www.ntnu.no\/ansatte\/daniel.mueller\" rel=\"noopener noreferrer\" target=\"_blank\"><strong>Daniel B. M\u00fcller<\/a><\/td>\n<\/tr>\n<tr class=\"row-2\">\n\t<td class=\"column-2\">Prosjekt leder, Mind-P<br \/>\n<br \/>\n+47 73594754<br \/>\n<br \/>\n<a href=\"mailto:daniel.mueller@ntnu.no\">daniel.mueller@ntnu.no<\/a><\/td>\n<\/tr>\n<\/tbody>\n<\/table>\n\n\n\n<h2 class=\"tablepress-table-name tablepress-table-name-id-9\">Publikasjoner<\/h2>\n\n<table id=\"tablepress-9\" class=\"tablepress tablepress-id-9\">\n<tbody>\n<tr class=\"row-1\">\n\t<td class=\"column-1\"><a href=\"https:\/\/mindp.indecol.no\/?page_id=390\"><img loading=\"lazy\" decoding=\"async\" src=\"https:\/\/mindp.indecol.no\/wp-content\/uploads\/2020\/02\/Vitenskapelige-artikler_N-150x150.png\" alt=\"\" width=\"150\" height=\"150\" class=\"aligncenter size-thumbnail wp-image-640\" srcset=\"https:\/\/mindp.indecol.no\/wp-content\/uploads\/2020\/02\/Vitenskapelige-artikler_N-150x150.png 150w, https:\/\/mindp.indecol.no\/wp-content\/uploads\/2020\/02\/Vitenskapelige-artikler_N-300x300.png 300w, https:\/\/mindp.indecol.no\/wp-content\/uploads\/2020\/02\/Vitenskapelige-artikler_N-70x70.png 70w, https:\/\/mindp.indecol.no\/wp-content\/uploads\/2020\/02\/Vitenskapelige-artikler_N.png 416w\" sizes=\"auto, (max-width: 150px) 100vw, 150px\" \/><\/a><\/td><td class=\"column-2\"><a href=\"https:\/\/mindp.indecol.no\/?page_id=387\"><img loading=\"lazy\" decoding=\"async\" src=\"https:\/\/mindp.indecol.no\/wp-content\/uploads\/2020\/02\/Rapporter_N-150x150.png\" alt=\"\" width=\"150\" height=\"150\" class=\"aligncenter size-thumbnail wp-image-639\" srcset=\"https:\/\/mindp.indecol.no\/wp-content\/uploads\/2020\/02\/Rapporter_N-150x150.png 150w, https:\/\/mindp.indecol.no\/wp-content\/uploads\/2020\/02\/Rapporter_N-300x300.png 300w, https:\/\/mindp.indecol.no\/wp-content\/uploads\/2020\/02\/Rapporter_N-70x70.png 70w, https:\/\/mindp.indecol.no\/wp-content\/uploads\/2020\/02\/Rapporter_N.png 416w\" sizes=\"auto, (max-width: 150px) 100vw, 150px\" \/><\/a><\/td>\n<\/tr>\n<tr class=\"row-2\">\n\t<td class=\"column-1\"><a href=\"https:\/\/mindp.indecol.no\/?page_id=705\"><img loading=\"lazy\" decoding=\"async\" src=\"https:\/\/mindp.indecol.no\/wp-content\/uploads\/2020\/02\/Plakater_N-150x150.png\" alt=\"\" width=\"150\" height=\"150\" class=\"aligncenter size-thumbnail wp-image-642\" srcset=\"https:\/\/mindp.indecol.no\/wp-content\/uploads\/2020\/02\/Plakater_N-150x150.png 150w, https:\/\/mindp.indecol.no\/wp-content\/uploads\/2020\/02\/Plakater_N-300x300.png 300w, https:\/\/mindp.indecol.no\/wp-content\/uploads\/2020\/02\/Plakater_N-70x70.png 70w, https:\/\/mindp.indecol.no\/wp-content\/uploads\/2020\/02\/Plakater_N.png 416w\" sizes=\"auto, (max-width: 150px) 100vw, 150px\" \/><\/a><\/td><td class=\"column-2\"><a href=\"https:\/\/mindp.indecol.no\/?page_id=384\"><img loading=\"lazy\" decoding=\"async\" src=\"https:\/\/mindp.indecol.no\/wp-content\/uploads\/2020\/02\/Masteroppgaver_N-150x150.png\" alt=\"\" width=\"150\" height=\"150\" class=\"aligncenter size-thumbnail wp-image-641\" srcset=\"https:\/\/mindp.indecol.no\/wp-content\/uploads\/2020\/02\/Masteroppgaver_N-150x150.png 150w, https:\/\/mindp.indecol.no\/wp-content\/uploads\/2020\/02\/Masteroppgaver_N-300x300.png 300w, https:\/\/mindp.indecol.no\/wp-content\/uploads\/2020\/02\/Masteroppgaver_N-70x70.png 70w, https:\/\/mindp.indecol.no\/wp-content\/uploads\/2020\/02\/Masteroppgaver_N.png 416w\" sizes=\"auto, (max-width: 150px) 100vw, 150px\" \/><\/a><\/td>\n<\/tr>\n<\/tbody>\n<\/table>\n\n<\/div>\n<\/div>\n\n\n\n<p><\/p>\n\n\n\n<p><\/p>\n\n\n\n<p class=\"has-medium-font-size\"><strong>Finansiert av:<\/strong><\/p>\n\n\n\n<p><a href=\"https:\/\/www.forskningsradet.no\/om-forskningsradet\/programmer\/bionar\/\">NFR &#8211; <\/a><a href=\"https:\/\/www.forskningsradet.no\/om-forskningsradet\/programmer\/bionar\/\" target=\"_blank\" rel=\"noreferrer noopener\" aria-label=\"BION\u00c6R (opens in a new tab)\">BION\u00c6R<\/a><\/p>\n","protected":false},"excerpt":{"rendered":"<p>MIND-P-prosjektet analyserer muligheter og hindre for hvordan norsk bio\u00f8konomi kan endres slik at den kan oppn\u00e5 (direkte) uavhengighet fra importert mineralfosfor innen 2030. Finansiert av: NFR &#8211; BION\u00c6R<\/p>\n","protected":false},"author":10,"featured_media":0,"parent":0,"menu_order":0,"comment_status":"closed","ping_status":"closed","template":"","meta":{"spay_email":"","footnotes":""},"class_list":["post-449","page","type-page","status-publish","hentry"],"jetpack_sharing_enabled":true,"jetpack_shortlink":"https:\/\/wp.me\/P9QBIQ-7f","jetpack_likes_enabled":true,"jetpack-related-posts":[],"_links":{"self":[{"href":"https:\/\/mindp.indecol.no\/index.php?rest_route=\/wp\/v2\/pages\/449","targetHints":{"allow":["GET"]}}],"collection":[{"href":"https:\/\/mindp.indecol.no\/index.php?rest_route=\/wp\/v2\/pages"}],"about":[{"href":"https:\/\/mindp.indecol.no\/index.php?rest_route=\/wp\/v2\/types\/page"}],"author":[{"embeddable":true,"href":"https:\/\/mindp.indecol.no\/index.php?rest_route=\/wp\/v2\/users\/10"}],"replies":[{"embeddable":true,"href":"https:\/\/mindp.indecol.no\/index.php?rest_route=%2Fwp%2Fv2%2Fcomments&post=449"}],"version-history":[{"count":44,"href":"https:\/\/mindp.indecol.no\/index.php?rest_route=\/wp\/v2\/pages\/449\/revisions"}],"predecessor-version":[{"id":1211,"href":"https:\/\/mindp.indecol.no\/index.php?rest_route=\/wp\/v2\/pages\/449\/revisions\/1211"}],"wp:attachment":[{"href":"https:\/\/mindp.indecol.no\/index.php?rest_route=%2Fwp%2Fv2%2Fmedia&parent=449"}],"curies":[{"name":"wp","href":"https:\/\/api.w.org\/{rel}","templated":true}]}}